{"id":13252,"date":"2020-11-13T06:24:20","date_gmt":"2020-11-13T05:24:20","guid":{"rendered":"https:\/\/alcala.salesianos.edu\/colegio\/?page_id=13252"},"modified":"2025-08-27T09:05:04","modified_gmt":"2025-08-27T08:05:04","slug":"robotica","status":"publish","type":"page","link":"https:\/\/alcala.salesianos.edu\/colegio\/robotica\/","title":{"rendered":"Rob\u00f3tica"},"content":{"rendered":"<div id=\"fb-root\"><\/div>\n<p>[et_pb_section fb_built=\u00bb1&#8243; fullwidth=\u00bbon\u00bb next_background_color=\u00bb#e8e8e8&#8243; module_id=\u00bbInicio\u00bb _builder_version=\u00bb4.4.6&#8243; bottom_divider_style=\u00bbarrow2&#8243;][et_pb_fullwidth_header title=\u00bbROB\u00d3TICA\u00bb text_orientation=\u00bbcenter\u00bb background_overlay_color=\u00bbrgba(220,0,27,0.65)\u00bb _builder_version=\u00bb4.5.8&#8243; title_font=\u00bbLato||||||||\u00bb title_text_align=\u00bbcenter\u00bb title_font_size=\u00bb74px\u00bb title_line_height=\u00bb1.3em\u00bb content_font=\u00bb||on||||||\u00bb content_text_align=\u00bbcenter\u00bb content_font_size=\u00bb18px\u00bb content_line_height=\u00bb1.3em\u00bb subhead_font=\u00bbLato|300|||||||\u00bb subhead_text_align=\u00bbcenter\u00bb subhead_font_size=\u00bb28px\u00bb subhead_line_height=\u00bb1.3em\u00bb background_image=\u00bbhttps:\/\/alcala.salesianos.edu\/colegio\/wp-content\/uploads\/sites\/2\/2020\/11\/Copia-de-Programaciones-3.png\u00bb background_blend=\u00bbdarken\u00bb custom_button_one=\u00bbon\u00bb button_one_border_radius=\u00bb100px\u00bb button_one_letter_spacing=\u00bb0px\u00bb button_one_font=\u00bbLato|||on|||||\u00bb custom_padding=\u00bb150px||120px|||\u00bb hover_enabled=\u00bb0&#8243; button_one_border_color__hover_enabled=\u00bbon|hover\u00bb button_one_border_color__hover=\u00bb#ffffff\u00bb button_one_bg_color__hover_enabled=\u00bbon|hover\u00bb button_one_bg_color__hover=\u00bbrgba(220,0,27,0)\u00bb button_one_bg_enable_color__hover=\u00bbon\u00bb title_text=\u00bbCopia de Programaciones (3)\u00bb]<\/p>\n<p>&nbsp;<\/p>\n<p>La tecnolog\u00eda se presenta ante los menores de forma l\u00fadica<span>, incentivando en ellos el despertar de las ciencias. Innovando de manera did\u00e1ctica, se busca siempre la motivaci\u00f3n para desarrollar las habilidades necesarias a fin de hacer frente a los nuevos desaf\u00edos que el mundo y la ciencia actual imponen e impondr\u00e1n en el futuro.<\/span><\/p>\n<p>[\/et_pb_fullwidth_header][\/et_pb_section][et_pb_section fb_built=\u00bb1&#8243; _builder_version=\u00bb4.4.6&#8243; background_color=\u00bb#e8e8e8&#8243; use_background_color_gradient=\u00bbon\u00bb background_color_gradient_start=\u00bb#e8e8e8&#8243; background_color_gradient_end=\u00bb#e0e0e0&#8243; z_index=\u00bb500&#8243; custom_padding=\u00bb80px||100px|||\u00bb top_divider_color=\u00bb#dc001b\u00bb bottom_divider_style=\u00bbarrow2&#8243; bottom_divider_color=\u00bb#ffffff\u00bb][et_pb_row _builder_version=\u00bb4.3.2&#8243; custom_padding=\u00bb||0px|||\u00bb][et_pb_column type=\u00bb4_4&#8243; _builder_version=\u00bb4.3.2&#8243;][et_pb_text _builder_version=\u00bb4.5.8&#8243; text_font=\u00bb||on||||||\u00bb text_font_size=\u00bb16px\u00bb header_2_font=\u00bbLato|900|||||||\u00bb header_2_text_align=\u00bbcenter\u00bb header_2_font_size=\u00bb40px\u00bb header_2_line_height=\u00bb1.3em\u00bb text_orientation=\u00bbcenter\u00bb]<\/p>\n<p style=\"text-align: center;\"><span color=\"#dc001b\" size=\"6\" style=\"color: #dc001b; font-size: xx-large;\"><b>NATIVOS DIGITALES<\/b><\/span><\/p>\n<p>[\/et_pb_text][\/et_pb_column][\/et_pb_row][et_pb_row column_structure=\u00bb1_2,1_2&#8243; _builder_version=\u00bb4.4.6&#8243; custom_padding=\u00bb0px|||||\u00bb][et_pb_column type=\u00bb1_2&#8243; _builder_version=\u00bb4.3.2&#8243;][et_pb_text _builder_version=\u00bb4.3.2&#8243; header_font=\u00bbLato||||||||\u00bb header_text_align=\u00bbcenter\u00bb header_2_line_height=\u00bb1.3em\u00bb header_3_font=\u00bbLato||on||||||\u00bb header_3_text_align=\u00bbcenter\u00bb header_3_font_size=\u00bb23px\u00bb custom_padding=\u00bb30px|||||\u00bb]<\/p>\n<h3>Est\u00e1n familiarizados con el uso de las tecnolog\u00edas<\/h3>\n<p>[\/et_pb_text][et_pb_divider show_divider=\u00bboff\u00bb _builder_version=\u00bb4.5.8&#8243; _module_preset=\u00bbdefault\u00bb][\/et_pb_divider][et_pb_divider show_divider=\u00bboff\u00bb _builder_version=\u00bb4.5.8&#8243; _module_preset=\u00bbdefault\u00bb][\/et_pb_divider][et_pb_divider show_divider=\u00bboff\u00bb _builder_version=\u00bb4.5.8&#8243; _module_preset=\u00bbdefault\u00bb][\/et_pb_divider][et_pb_text _builder_version=\u00bb4.5.8&#8243; header_font=\u00bbLato||||||||\u00bb header_text_align=\u00bbcenter\u00bb header_2_line_height=\u00bb1.3em\u00bb header_3_font=\u00bbLato||on||||||\u00bb header_3_text_align=\u00bbcenter\u00bb header_3_font_size=\u00bb23px\u00bb custom_padding=\u00bb30px|||||\u00bb]<\/p>\n<h3>Despertar de la creatividad<\/h3>\n<p>[\/et_pb_text][et_pb_divider show_divider=\u00bboff\u00bb _builder_version=\u00bb4.5.8&#8243; _module_preset=\u00bbdefault\u00bb][\/et_pb_divider][et_pb_divider show_divider=\u00bboff\u00bb _builder_version=\u00bb4.5.8&#8243; _module_preset=\u00bbdefault\u00bb][\/et_pb_divider][et_pb_divider show_divider=\u00bboff\u00bb _builder_version=\u00bb4.5.8&#8243; _module_preset=\u00bbdefault\u00bb][\/et_pb_divider][et_pb_text _builder_version=\u00bb4.5.8&#8243; header_font=\u00bbLato||||||||\u00bb header_text_align=\u00bbcenter\u00bb header_2_line_height=\u00bb1.3em\u00bb header_3_font=\u00bbLato||on||||||\u00bb header_3_text_align=\u00bbcenter\u00bb header_3_font_size=\u00bb23px\u00bb custom_padding=\u00bb30px|||||\u00bb]<\/p>\n<h3>Entorno en el que equivocarse no es una decepci\u00f3n, es una oportunidad.<\/h3>\n<p>[\/et_pb_text][\/et_pb_column][et_pb_column type=\u00bb1_2&#8243; module_id=\u00bbEstudios\u00bb _builder_version=\u00bb4.4.6&#8243;][et_pb_image src=\u00bbhttps:\/\/alcala.salesianos.edu\/wp-content\/uploads\/2020\/11\/Disen\u0303o-sin-ti\u0301tulo-6.png\u00bb title_text=\u00bbDisen\u0303o sin ti\u0301tulo\u00bb _builder_version=\u00bb4.5.8&#8243; _module_preset=\u00bbdefault\u00bb][\/et_pb_image][\/et_pb_column][\/et_pb_row][\/et_pb_section][et_pb_section fb_built=\u00bb1&#8243; admin_label=\u00bbsection\u00bb module_id=\u00bbESO\u00bb _builder_version=\u00bb4.3.2&#8243; custom_padding=\u00bb60px|||||\u00bb][et_pb_row _builder_version=\u00bb4.3.2&#8243; custom_padding=\u00bb87px|||||\u00bb][et_pb_column type=\u00bb4_4&#8243; _builder_version=\u00bb4.3.2&#8243;][et_pb_text _builder_version=\u00bb4.3.2&#8243; header_2_line_height=\u00bb1.3em\u00bb header_3_font=\u00bbLato|300|||||||\u00bb header_3_text_align=\u00bbcenter\u00bb header_3_font_size=\u00bb30px\u00bb header_3_line_height=\u00bb1.3em\u00bb]<\/p>\n<h3><span style=\"font-size: xx-large;\"><strong>Ventajas de la rob\u00f3tica en nuestras aulas<\/strong><\/span><\/h3>\n<p>[\/et_pb_text][\/et_pb_column][\/et_pb_row][et_pb_row column_structure=\u00bb1_2,1_2&#8243; _builder_version=\u00bb4.3.2&#8243; custom_padding=\u00bb||67px|||\u00bb][et_pb_column type=\u00bb1_2&#8243; _builder_version=\u00bb4.3.2&#8243;][et_pb_blurb title=\u00bbAprendizaje significativo\u00bb use_icon=\u00bbon\u00bb font_icon=\u00bb%%123%%\u00bb use_icon_font_size=\u00bbon\u00bb icon_font_size=\u00bb120px\u00bb _builder_version=\u00bb4.5.8&#8243; header_level=\u00bbh3&#8243; header_font=\u00bbLato||||||||\u00bb header_font_size=\u00bb28px\u00bb header_line_height=\u00bb1.3em\u00bb body_font=\u00bb||on||||||\u00bb body_text_color=\u00bb#51626f\u00bb body_font_size=\u00bb20px\u00bb body_line_height=\u00bb1.4em\u00bb text_orientation=\u00bbcenter\u00bb][\/et_pb_blurb][et_pb_blurb title=\u00bbCompetencias de colaboraci\u00f3n y cooperaci\u00f3n\u00bb use_icon=\u00bbon\u00bb font_icon=\u00bb%%10%%\u00bb use_icon_font_size=\u00bbon\u00bb icon_font_size=\u00bb120px\u00bb _builder_version=\u00bb4.5.8&#8243; header_level=\u00bbh3&#8243; header_font=\u00bbLato||||||||\u00bb header_font_size=\u00bb28px\u00bb header_line_height=\u00bb1.3em\u00bb body_font=\u00bb||on||||||\u00bb body_text_color=\u00bb#51626f\u00bb body_font_size=\u00bb20px\u00bb body_line_height=\u00bb1.4em\u00bb text_orientation=\u00bbcenter\u00bb][\/et_pb_blurb][et_pb_blurb title=\u00bbUso responsable de las tecnolog\u00edas\u00bb use_icon=\u00bbon\u00bb font_icon=\u00bb%%168%%\u00bb use_icon_font_size=\u00bbon\u00bb icon_font_size=\u00bb120px\u00bb _builder_version=\u00bb4.5.8&#8243; header_level=\u00bbh3&#8243; header_font=\u00bbLato||||||||\u00bb header_font_size=\u00bb28px\u00bb header_line_height=\u00bb1.3em\u00bb body_font=\u00bb||on||||||\u00bb body_text_color=\u00bb#51626f\u00bb body_font_size=\u00bb20px\u00bb body_line_height=\u00bb1.4em\u00bb text_orientation=\u00bbcenter\u00bb][\/et_pb_blurb][\/et_pb_column][et_pb_column type=\u00bb1_2&#8243; _builder_version=\u00bb4.3.2&#8243;][et_pb_blurb title=\u00bbNuevas ideas de aplicaci\u00f3n de TICs\u00bb use_icon=\u00bbon\u00bb font_icon=\u00bb%%101%%\u00bb use_icon_font_size=\u00bbon\u00bb icon_font_size=\u00bb120px\u00bb _builder_version=\u00bb4.5.8&#8243; header_level=\u00bbh3&#8243; header_font=\u00bbLato||||||||\u00bb header_font_size=\u00bb28px\u00bb header_line_height=\u00bb1.3em\u00bb body_font=\u00bb||on||||||\u00bb body_text_color=\u00bb#51626f\u00bb body_font_size=\u00bb20px\u00bb body_line_height=\u00bb1.4em\u00bb text_orientation=\u00bbcenter\u00bb][\/et_pb_blurb][et_pb_blurb title=\u00bbConocimiento de sus valores personales y respeto por los dem\u00e1s\u00bb use_icon=\u00bbon\u00bb font_icon=\u00bb%%149%%\u00bb use_icon_font_size=\u00bbon\u00bb icon_font_size=\u00bb120px\u00bb _builder_version=\u00bb4.5.8&#8243; header_level=\u00bbh3&#8243; header_font=\u00bbLato||||||||\u00bb header_font_size=\u00bb28px\u00bb header_line_height=\u00bb1.3em\u00bb body_font=\u00bb||on||||||\u00bb body_text_color=\u00bb#51626f\u00bb body_font_size=\u00bb20px\u00bb body_line_height=\u00bb1.4em\u00bb text_orientation=\u00bbcenter\u00bb][\/et_pb_blurb][et_pb_blurb title=\u00bbAporta un car\u00e1cter l\u00fadico\u00bb use_icon=\u00bbon\u00bb font_icon=\u00bb%%133%%\u00bb use_icon_font_size=\u00bbon\u00bb icon_font_size=\u00bb120px\u00bb _builder_version=\u00bb4.5.8&#8243; header_level=\u00bbh3&#8243; header_font=\u00bbLato||||||||\u00bb header_font_size=\u00bb28px\u00bb header_line_height=\u00bb1.3em\u00bb body_font=\u00bb||on||||||\u00bb body_text_color=\u00bb#51626f\u00bb body_font_size=\u00bb20px\u00bb body_line_height=\u00bb1.4em\u00bb text_orientation=\u00bbcenter\u00bb][\/et_pb_blurb][\/et_pb_column][\/et_pb_row][\/et_pb_section][et_pb_section fb_built=\u00bb1&#8243; prev_background_color=\u00bb#ffffff\u00bb next_background_color=\u00bb#ffffff\u00bb module_id=\u00bbFinESO\u00bb _builder_version=\u00bb4.4.6&#8243; background_color=\u00bb#dc001b\u00bb use_background_color_gradient=\u00bbon\u00bb background_color_gradient_start=\u00bb#dc001b\u00bb background_color_gradient_end=\u00bb#bf0019&#8243; background_color_gradient_type=\u00bbradial\u00bb background_color_gradient_start_position=\u00bb20%\u00bb custom_padding=\u00bb150px|||||\u00bb top_divider_style=\u00bbarrow2&#8243; bottom_divider_style=\u00bbarrow\u00bb bottom_divider_height=\u00bb10px\u00bb bottom_divider_repeat=\u00bb20x\u00bb scroll_vertical_motion_enable=\u00bbon\u00bb scroll_vertical_motion=\u00bb0|15|15|100|2|0|0&#8243; scroll_vertical_motion_tablet=\u00bb\u00bb scroll_vertical_motion_phone=\u00bb0|15|15|100|0|0|0&#8243; scroll_vertical_motion_last_edited=\u00bbon|phone\u00bb][et_pb_row column_structure=\u00bb1_3,1_3,1_3&#8243; _builder_version=\u00bb4.5.8&#8243; _module_preset=\u00bbdefault\u00bb][et_pb_column type=\u00bb1_3&#8243; _builder_version=\u00bb4.5.8&#8243; _module_preset=\u00bbdefault\u00bb][et_pb_image src=\u00bbhttps:\/\/alcala.salesianos.edu\/wp-content\/uploads\/2020\/11\/Disen\u0303o-sin-ti\u0301tulo-4.png\u00bb title_text=\u00bbDisen\u0303o sin ti\u0301tulo (1)\u00bb _builder_version=\u00bb4.5.8&#8243; _module_preset=\u00bbdefault\u00bb][\/et_pb_image][\/et_pb_column][et_pb_column type=\u00bb1_3&#8243; _builder_version=\u00bb4.5.8&#8243; _module_preset=\u00bbdefault\u00bb][et_pb_image src=\u00bbhttps:\/\/alcala.salesianos.edu\/wp-content\/uploads\/2020\/11\/Disen\u0303o-sin-ti\u0301tulo-7.png\u00bb title_text=\u00bbDisen\u0303o sin ti\u0301tulo (2)\u00bb _builder_version=\u00bb4.5.8&#8243; _module_preset=\u00bbdefault\u00bb][\/et_pb_image][\/et_pb_column][et_pb_column type=\u00bb1_3&#8243; _builder_version=\u00bb4.5.8&#8243; _module_preset=\u00bbdefault\u00bb][et_pb_image src=\u00bbhttps:\/\/alcala.salesianos.edu\/wp-content\/uploads\/2020\/11\/Disen\u0303o-sin-ti\u0301tulo-3.png\u00bb _builder_version=\u00bb4.5.8&#8243; _module_preset=\u00bbdefault\u00bb][\/et_pb_image][\/et_pb_column][\/et_pb_row][\/et_pb_section][et_pb_section fb_built=\u00bb1&#8243; admin_label=\u00bbsection\u00bb module_id=\u00bbFPBasica\u00bb _builder_version=\u00bb4.4.6&#8243; custom_padding=\u00bb100px|||||\u00bb][\/et_pb_section]<\/p>\n","protected":false},"excerpt":{"rendered":"<p>&nbsp; La tecnolog\u00eda se presenta ante los menores de forma l\u00fadica, incentivando en ellos el despertar de las ciencias. Innovando de manera did\u00e1ctica, se busca siempre la motivaci\u00f3n para desarrollar las habilidades necesarias a fin de hacer frente a los nuevos desaf\u00edos que el mundo y la ciencia actual imponen e impondr\u00e1n en el futuro.NATIVOS [&hellip;]<\/p>\n","protected":false},"author":2,"featured_media":0,"parent":0,"menu_order":0,"comment_status":"closed","ping_status":"closed","template":"","meta":{"_et_pb_use_builder":"on","_et_pb_old_content":"","_et_gb_content_width":"","footnotes":""},"class_list":["post-13252","page","type-page","status-publish","hentry"],"yoast_head":"<!-- This site is optimized with the Yoast SEO plugin v27.3 - https:\/\/yoast.com\/product\/yoast-seo-wordpress\/ -->\n<title>Rob\u00f3tica - Colegio Salesiano Alcal\u00e1<\/title>\n<meta name=\"robots\" content=\"index, follow, max-snippet:-1, max-image-preview:large, max-video-preview:-1\" \/>\n<link rel=\"canonical\" href=\"https:\/\/alcala.salesianos.edu\/colegio\/robotica\/\" \/>\n<meta property=\"og:locale\" content=\"es_ES\" \/>\n<meta property=\"og:type\" content=\"article\" \/>\n<meta property=\"og:title\" content=\"Rob\u00f3tica - Colegio Salesiano Alcal\u00e1\" \/>\n<meta property=\"og:description\" content=\"&nbsp; La tecnolog\u00eda se presenta ante los menores de forma l\u00fadica, incentivando en ellos el despertar de las ciencias. Innovando de manera did\u00e1ctica, se busca siempre la motivaci\u00f3n para desarrollar las habilidades necesarias a fin de hacer frente a los nuevos desaf\u00edos que el mundo y la ciencia actual imponen e impondr\u00e1n en el futuro.NATIVOS [&hellip;]\" \/>\n<meta property=\"og:url\" content=\"https:\/\/alcala.salesianos.edu\/colegio\/robotica\/\" \/>\n<meta property=\"og:site_name\" content=\"Colegio Salesiano Alcal\u00e1\" \/>\n<meta property=\"article:modified_time\" content=\"2025-08-27T08:05:04+00:00\" \/>\n<meta name=\"twitter:card\" content=\"summary_large_image\" \/>\n<meta name=\"twitter:label1\" content=\"Tiempo de lectura\" \/>\n\t<meta name=\"twitter:data1\" content=\"7 minutos\" \/>\n<script type=\"application\/ld+json\" class=\"yoast-schema-graph\">{\"@context\":\"https:\\\/\\\/schema.org\",\"@graph\":[{\"@type\":\"WebPage\",\"@id\":\"https:\\\/\\\/alcala.salesianos.edu\\\/colegio\\\/robotica\\\/\",\"url\":\"https:\\\/\\\/alcala.salesianos.edu\\\/colegio\\\/robotica\\\/\",\"name\":\"Rob\u00f3tica - Colegio Salesiano Alcal\u00e1\",\"isPartOf\":{\"@id\":\"https:\\\/\\\/alcala.salesianos.edu\\\/colegio\\\/#website\"},\"datePublished\":\"2020-11-13T05:24:20+00:00\",\"dateModified\":\"2025-08-27T08:05:04+00:00\",\"breadcrumb\":{\"@id\":\"https:\\\/\\\/alcala.salesianos.edu\\\/colegio\\\/robotica\\\/#breadcrumb\"},\"inLanguage\":\"es\",\"potentialAction\":[{\"@type\":\"ReadAction\",\"target\":[\"https:\\\/\\\/alcala.salesianos.edu\\\/colegio\\\/robotica\\\/\"]}]},{\"@type\":\"BreadcrumbList\",\"@id\":\"https:\\\/\\\/alcala.salesianos.edu\\\/colegio\\\/robotica\\\/#breadcrumb\",\"itemListElement\":[{\"@type\":\"ListItem\",\"position\":1,\"name\":\"Portada\",\"item\":\"https:\\\/\\\/alcala.salesianos.edu\\\/colegio\\\/\"},{\"@type\":\"ListItem\",\"position\":2,\"name\":\"Rob\u00f3tica\"}]},{\"@type\":\"WebSite\",\"@id\":\"https:\\\/\\\/alcala.salesianos.edu\\\/colegio\\\/#website\",\"url\":\"https:\\\/\\\/alcala.salesianos.edu\\\/colegio\\\/\",\"name\":\"Colegio Salesiano Alcal\u00e1\",\"description\":\"P\u00e1gina oficial de Salesianos Alcal\u00e1 de Guadaira\",\"potentialAction\":[{\"@type\":\"SearchAction\",\"target\":{\"@type\":\"EntryPoint\",\"urlTemplate\":\"https:\\\/\\\/alcala.salesianos.edu\\\/colegio\\\/?s={search_term_string}\"},\"query-input\":{\"@type\":\"PropertyValueSpecification\",\"valueRequired\":true,\"valueName\":\"search_term_string\"}}],\"inLanguage\":\"es\"}]}<\/script>\n<!-- \/ Yoast SEO plugin. -->","yoast_head_json":{"title":"Rob\u00f3tica - Colegio Salesiano Alcal\u00e1","robots":{"index":"index","follow":"follow","max-snippet":"max-snippet:-1","max-image-preview":"max-image-preview:large","max-video-preview":"max-video-preview:-1"},"canonical":"https:\/\/alcala.salesianos.edu\/colegio\/robotica\/","og_locale":"es_ES","og_type":"article","og_title":"Rob\u00f3tica - Colegio Salesiano Alcal\u00e1","og_description":"&nbsp; La tecnolog\u00eda se presenta ante los menores de forma l\u00fadica, incentivando en ellos el despertar de las ciencias. Innovando de manera did\u00e1ctica, se busca siempre la motivaci\u00f3n para desarrollar las habilidades necesarias a fin de hacer frente a los nuevos desaf\u00edos que el mundo y la ciencia actual imponen e impondr\u00e1n en el futuro.NATIVOS [&hellip;]","og_url":"https:\/\/alcala.salesianos.edu\/colegio\/robotica\/","og_site_name":"Colegio Salesiano Alcal\u00e1","article_modified_time":"2025-08-27T08:05:04+00:00","twitter_card":"summary_large_image","twitter_misc":{"Tiempo de lectura":"7 minutos"},"schema":{"@context":"https:\/\/schema.org","@graph":[{"@type":"WebPage","@id":"https:\/\/alcala.salesianos.edu\/colegio\/robotica\/","url":"https:\/\/alcala.salesianos.edu\/colegio\/robotica\/","name":"Rob\u00f3tica - Colegio Salesiano Alcal\u00e1","isPartOf":{"@id":"https:\/\/alcala.salesianos.edu\/colegio\/#website"},"datePublished":"2020-11-13T05:24:20+00:00","dateModified":"2025-08-27T08:05:04+00:00","breadcrumb":{"@id":"https:\/\/alcala.salesianos.edu\/colegio\/robotica\/#breadcrumb"},"inLanguage":"es","potentialAction":[{"@type":"ReadAction","target":["https:\/\/alcala.salesianos.edu\/colegio\/robotica\/"]}]},{"@type":"BreadcrumbList","@id":"https:\/\/alcala.salesianos.edu\/colegio\/robotica\/#breadcrumb","itemListElement":[{"@type":"ListItem","position":1,"name":"Portada","item":"https:\/\/alcala.salesianos.edu\/colegio\/"},{"@type":"ListItem","position":2,"name":"Rob\u00f3tica"}]},{"@type":"WebSite","@id":"https:\/\/alcala.salesianos.edu\/colegio\/#website","url":"https:\/\/alcala.salesianos.edu\/colegio\/","name":"Colegio Salesiano Alcal\u00e1","description":"P\u00e1gina oficial de Salesianos Alcal\u00e1 de Guadaira","potentialAction":[{"@type":"SearchAction","target":{"@type":"EntryPoint","urlTemplate":"https:\/\/alcala.salesianos.edu\/colegio\/?s={search_term_string}"},"query-input":{"@type":"PropertyValueSpecification","valueRequired":true,"valueName":"search_term_string"}}],"inLanguage":"es"}]}},"_links":{"self":[{"href":"https:\/\/alcala.salesianos.edu\/colegio\/wp-json\/wp\/v2\/pages\/13252","targetHints":{"allow":["GET"]}}],"collection":[{"href":"https:\/\/alcala.salesianos.edu\/colegio\/wp-json\/wp\/v2\/pages"}],"about":[{"href":"https:\/\/alcala.salesianos.edu\/colegio\/wp-json\/wp\/v2\/types\/page"}],"author":[{"embeddable":true,"href":"https:\/\/alcala.salesianos.edu\/colegio\/wp-json\/wp\/v2\/users\/2"}],"replies":[{"embeddable":true,"href":"https:\/\/alcala.salesianos.edu\/colegio\/wp-json\/wp\/v2\/comments?post=13252"}],"version-history":[{"count":3,"href":"https:\/\/alcala.salesianos.edu\/colegio\/wp-json\/wp\/v2\/pages\/13252\/revisions"}],"predecessor-version":[{"id":13258,"href":"https:\/\/alcala.salesianos.edu\/colegio\/wp-json\/wp\/v2\/pages\/13252\/revisions\/13258"}],"wp:attachment":[{"href":"https:\/\/alcala.salesianos.edu\/colegio\/wp-json\/wp\/v2\/media?parent=13252"}],"curies":[{"name":"wp","href":"https:\/\/api.w.org\/{rel}","templated":true}]}}