{"id":11321,"date":"2019-04-30T08:07:02","date_gmt":"2019-04-30T07:07:02","guid":{"rendered":"https:\/\/alcala.salesianos.edu\/colegio\/?page_id=11321"},"modified":"2025-08-27T09:05:03","modified_gmt":"2025-08-27T08:05:03","slug":"programaciones-escolares","status":"publish","type":"page","link":"https:\/\/alcala.salesianos.edu\/colegio\/programaciones-escolares\/","title":{"rendered":"Programaciones escolares"},"content":{"rendered":"<div id=\"fb-root\"><\/div>\n<p>[et_pb_section fb_built=\u00bb1&#8243; _builder_version=\u00bb3.22.3&#8243; background_color=\u00bbrgba(229,229,229,0.86)\u00bb background_image=\u00bbhttps:\/\/alicante.salesianos.edu\/colegio\/wp-content\/uploads\/sites\/2\/2018\/02\/textura_admisiones-min.jpg\u00bb background_blend=\u00bbsoft-light\u00bb custom_padding=\u00bb46px|0px|40px|0px\u00bb][et_pb_row _builder_version=\u00bb3.22.3&#8243;][et_pb_column type=\u00bb4_4&#8243; _builder_version=\u00bb3.0.47&#8243;][et_pb_image src=\u00bbhttps:\/\/alcala.salesianos.edu\/colegio\/wp-content\/uploads\/sites\/2\/2018\/09\/Crafting-ideas-into-reality.jpg\u00bb align=\u00bbcenter\u00bb _builder_version=\u00bb3.0.105&#8243;][\/et_pb_image][\/et_pb_column][\/et_pb_row][\/et_pb_section][et_pb_section fb_built=\u00bb1&#8243; _builder_version=\u00bb3.22.3&#8243; background_color=\u00bb#4f4f4f\u00bb box_shadow_style=\u00bbpreset1&#8243; box_shadow_blur=\u00bb23px\u00bb box_shadow_spread=\u00bb6px\u00bb custom_padding=\u00bb30px|0px|3px|0px\u00bb][et_pb_row _builder_version=\u00bb3.22.3&#8243;][et_pb_column type=\u00bb1_3&#8243; _builder_version=\u00bb3.0.47&#8243;][et_pb_image src=\u00bbhttps:\/\/alcala.salesianos.edu\/colegio\/wp-content\/uploads\/sites\/2\/2019\/04\/Copia-de-3-an\u0303os-1.png\u00bb url=\u00bbhttps:\/\/alcala.salesianos.edu\/colegio\/programaciones-infantil\/\u00bb url_new_window=\u00bbon\u00bb show_bottom_space=\u00bboff\u00bb align=\u00bbcenter\u00bb admin_label=\u00bbIcono app (Imagen)\u00bb _builder_version=\u00bb3.22.4&#8243; max_width=\u00bb200px\u00bb custom_margin=\u00bb||16px|\u00bb animation_style=\u00bbslide\u00bb animation_direction=\u00bbtop\u00bb animation_duration=\u00bb500ms\u00bb animation_intensity_slide=\u00bb10%\u00bb saved_tabs=\u00bball\u00bb][\/et_pb_image][\/et_pb_column][et_pb_column type=\u00bb1_3&#8243; _builder_version=\u00bb3.0.47&#8243;][et_pb_image src=\u00bbhttps:\/\/alcala.salesianos.edu\/colegio\/wp-content\/uploads\/sites\/2\/2019\/04\/Copia-de-3-an\u0303os.png\u00bb url=\u00bbhttps:\/\/alcala.salesianos.edu\/colegio\/programaciones-primaria\/\u00bb url_new_window=\u00bbon\u00bb show_bottom_space=\u00bboff\u00bb align=\u00bbcenter\u00bb admin_label=\u00bbIcono app (Imagen)\u00bb _builder_version=\u00bb3.22.4&#8243; max_width=\u00bb200px\u00bb custom_margin=\u00bb||16px|\u00bb animation_style=\u00bbslide\u00bb animation_direction=\u00bbtop\u00bb animation_duration=\u00bb500ms\u00bb animation_intensity_slide=\u00bb10%\u00bb saved_tabs=\u00bball\u00bb][\/et_pb_image][\/et_pb_column][et_pb_column type=\u00bb1_3&#8243; _builder_version=\u00bb3.0.47&#8243;][et_pb_image src=\u00bbhttps:\/\/alcala.salesianos.edu\/colegio\/wp-content\/uploads\/sites\/2\/2019\/04\/Copia-de-3-an\u0303os-2.png\u00bb url=\u00bbhttps:\/\/alcala.salesianos.edu\/colegio\/programaciones-secundaria\/\u00bb url_new_window=\u00bbon\u00bb show_bottom_space=\u00bboff\u00bb align=\u00bbcenter\u00bb admin_label=\u00bbIcono app (Imagen)\u00bb _builder_version=\u00bb3.22.4&#8243; max_width=\u00bb200px\u00bb custom_margin=\u00bb||16px|\u00bb animation_style=\u00bbslide\u00bb animation_direction=\u00bbtop\u00bb animation_duration=\u00bb500ms\u00bb animation_intensity_slide=\u00bb10%\u00bb saved_tabs=\u00bball\u00bb][\/et_pb_image][et_pb_text admin_label=\u00bbNombre App (Texto)\u00bb _builder_version=\u00bb3.0.100&#8243; text_font=\u00bbLato Light||||\u00bb text_font_size=\u00bb24px\u00bb text_font_size_tablet=\u00bb24px\u00bb text_font_size_phone=\u00bb24px\u00bb text_letter_spacing_tablet=\u00bb0px\u00bb text_letter_spacing_phone=\u00bb0px\u00bb text_line_height_tablet=\u00bb1em\u00bb text_line_height_phone=\u00bb1em\u00bb header_font=\u00bb||||\u00bb header_font_size_tablet=\u00bb30px\u00bb header_font_size_phone=\u00bb30px\u00bb header_letter_spacing_tablet=\u00bb0px\u00bb header_letter_spacing_phone=\u00bb0px\u00bb header_line_height_tablet=\u00bb1em\u00bb header_line_height_phone=\u00bb1em\u00bb text_orientation=\u00bbcenter\u00bb max_width=\u00bb200px\u00bb max_width_tablet=\u00bb200px\u00bb max_width_phone=\u00bb200px\u00bb module_alignment=\u00bbcenter\u00bb custom_margin=\u00bb||20px|\u00bb custom_margin_tablet=\u00bb||20px|\u00bb custom_margin_phone=\u00bb||20px|\u00bb saved_tabs=\u00bball\u00bb]<strong>\u00a0<\/strong><br \/>\n[\/et_pb_text][\/et_pb_column][\/et_pb_row][\/et_pb_section]<\/p>\n","protected":false},"excerpt":{"rendered":"<p>\u00a0<\/p>\n","protected":false},"author":2,"featured_media":0,"parent":0,"menu_order":0,"comment_status":"closed","ping_status":"closed","template":"","meta":{"_et_pb_use_builder":"on","_et_pb_old_content":"","_et_gb_content_width":"","footnotes":""},"class_list":["post-11321","page","type-page","status-publish","hentry"],"yoast_head":"<!-- This site is optimized with the Yoast SEO plugin v27.3 - https:\/\/yoast.com\/product\/yoast-seo-wordpress\/ -->\n<title>Programaciones escolares - Colegio Salesiano Alcal\u00e1<\/title>\n<meta name=\"robots\" content=\"index, follow, max-snippet:-1, max-image-preview:large, max-video-preview:-1\" \/>\n<link rel=\"canonical\" href=\"https:\/\/alcala.salesianos.edu\/colegio\/programaciones-escolares\/\" \/>\n<meta property=\"og:locale\" content=\"es_ES\" \/>\n<meta property=\"og:type\" content=\"article\" \/>\n<meta property=\"og:title\" content=\"Programaciones escolares - Colegio Salesiano Alcal\u00e1\" \/>\n<meta property=\"og:description\" content=\"\u00a0\" \/>\n<meta property=\"og:url\" content=\"https:\/\/alcala.salesianos.edu\/colegio\/programaciones-escolares\/\" \/>\n<meta property=\"og:site_name\" content=\"Colegio Salesiano Alcal\u00e1\" \/>\n<meta property=\"article:modified_time\" content=\"2025-08-27T08:05:03+00:00\" \/>\n<meta name=\"twitter:card\" content=\"summary_large_image\" \/>\n<meta name=\"twitter:label1\" content=\"Tiempo de lectura\" \/>\n\t<meta name=\"twitter:data1\" content=\"2 minutos\" \/>\n<script type=\"application\/ld+json\" class=\"yoast-schema-graph\">{\"@context\":\"https:\\\/\\\/schema.org\",\"@graph\":[{\"@type\":\"WebPage\",\"@id\":\"https:\\\/\\\/alcala.salesianos.edu\\\/colegio\\\/programaciones-escolares\\\/\",\"url\":\"https:\\\/\\\/alcala.salesianos.edu\\\/colegio\\\/programaciones-escolares\\\/\",\"name\":\"Programaciones escolares - Colegio Salesiano Alcal\u00e1\",\"isPartOf\":{\"@id\":\"https:\\\/\\\/alcala.salesianos.edu\\\/colegio\\\/#website\"},\"datePublished\":\"2019-04-30T07:07:02+00:00\",\"dateModified\":\"2025-08-27T08:05:03+00:00\",\"breadcrumb\":{\"@id\":\"https:\\\/\\\/alcala.salesianos.edu\\\/colegio\\\/programaciones-escolares\\\/#breadcrumb\"},\"inLanguage\":\"es\",\"potentialAction\":[{\"@type\":\"ReadAction\",\"target\":[\"https:\\\/\\\/alcala.salesianos.edu\\\/colegio\\\/programaciones-escolares\\\/\"]}]},{\"@type\":\"BreadcrumbList\",\"@id\":\"https:\\\/\\\/alcala.salesianos.edu\\\/colegio\\\/programaciones-escolares\\\/#breadcrumb\",\"itemListElement\":[{\"@type\":\"ListItem\",\"position\":1,\"name\":\"Portada\",\"item\":\"https:\\\/\\\/alcala.salesianos.edu\\\/colegio\\\/\"},{\"@type\":\"ListItem\",\"position\":2,\"name\":\"Programaciones escolares\"}]},{\"@type\":\"WebSite\",\"@id\":\"https:\\\/\\\/alcala.salesianos.edu\\\/colegio\\\/#website\",\"url\":\"https:\\\/\\\/alcala.salesianos.edu\\\/colegio\\\/\",\"name\":\"Colegio Salesiano Alcal\u00e1\",\"description\":\"P\u00e1gina oficial de Salesianos Alcal\u00e1 de Guadaira\",\"potentialAction\":[{\"@type\":\"SearchAction\",\"target\":{\"@type\":\"EntryPoint\",\"urlTemplate\":\"https:\\\/\\\/alcala.salesianos.edu\\\/colegio\\\/?s={search_term_string}\"},\"query-input\":{\"@type\":\"PropertyValueSpecification\",\"valueRequired\":true,\"valueName\":\"search_term_string\"}}],\"inLanguage\":\"es\"}]}<\/script>\n<!-- \/ Yoast SEO plugin. -->","yoast_head_json":{"title":"Programaciones escolares - Colegio Salesiano Alcal\u00e1","robots":{"index":"index","follow":"follow","max-snippet":"max-snippet:-1","max-image-preview":"max-image-preview:large","max-video-preview":"max-video-preview:-1"},"canonical":"https:\/\/alcala.salesianos.edu\/colegio\/programaciones-escolares\/","og_locale":"es_ES","og_type":"article","og_title":"Programaciones escolares - Colegio Salesiano Alcal\u00e1","og_description":"\u00a0","og_url":"https:\/\/alcala.salesianos.edu\/colegio\/programaciones-escolares\/","og_site_name":"Colegio Salesiano Alcal\u00e1","article_modified_time":"2025-08-27T08:05:03+00:00","twitter_card":"summary_large_image","twitter_misc":{"Tiempo de lectura":"2 minutos"},"schema":{"@context":"https:\/\/schema.org","@graph":[{"@type":"WebPage","@id":"https:\/\/alcala.salesianos.edu\/colegio\/programaciones-escolares\/","url":"https:\/\/alcala.salesianos.edu\/colegio\/programaciones-escolares\/","name":"Programaciones escolares - Colegio Salesiano Alcal\u00e1","isPartOf":{"@id":"https:\/\/alcala.salesianos.edu\/colegio\/#website"},"datePublished":"2019-04-30T07:07:02+00:00","dateModified":"2025-08-27T08:05:03+00:00","breadcrumb":{"@id":"https:\/\/alcala.salesianos.edu\/colegio\/programaciones-escolares\/#breadcrumb"},"inLanguage":"es","potentialAction":[{"@type":"ReadAction","target":["https:\/\/alcala.salesianos.edu\/colegio\/programaciones-escolares\/"]}]},{"@type":"BreadcrumbList","@id":"https:\/\/alcala.salesianos.edu\/colegio\/programaciones-escolares\/#breadcrumb","itemListElement":[{"@type":"ListItem","position":1,"name":"Portada","item":"https:\/\/alcala.salesianos.edu\/colegio\/"},{"@type":"ListItem","position":2,"name":"Programaciones escolares"}]},{"@type":"WebSite","@id":"https:\/\/alcala.salesianos.edu\/colegio\/#website","url":"https:\/\/alcala.salesianos.edu\/colegio\/","name":"Colegio Salesiano Alcal\u00e1","description":"P\u00e1gina oficial de Salesianos Alcal\u00e1 de Guadaira","potentialAction":[{"@type":"SearchAction","target":{"@type":"EntryPoint","urlTemplate":"https:\/\/alcala.salesianos.edu\/colegio\/?s={search_term_string}"},"query-input":{"@type":"PropertyValueSpecification","valueRequired":true,"valueName":"search_term_string"}}],"inLanguage":"es"}]}},"_links":{"self":[{"href":"https:\/\/alcala.salesianos.edu\/colegio\/wp-json\/wp\/v2\/pages\/11321","targetHints":{"allow":["GET"]}}],"collection":[{"href":"https:\/\/alcala.salesianos.edu\/colegio\/wp-json\/wp\/v2\/pages"}],"about":[{"href":"https:\/\/alcala.salesianos.edu\/colegio\/wp-json\/wp\/v2\/types\/page"}],"author":[{"embeddable":true,"href":"https:\/\/alcala.salesianos.edu\/colegio\/wp-json\/wp\/v2\/users\/2"}],"replies":[{"embeddable":true,"href":"https:\/\/alcala.salesianos.edu\/colegio\/wp-json\/wp\/v2\/comments?post=11321"}],"version-history":[{"count":2,"href":"https:\/\/alcala.salesianos.edu\/colegio\/wp-json\/wp\/v2\/pages\/11321\/revisions"}],"predecessor-version":[{"id":11329,"href":"https:\/\/alcala.salesianos.edu\/colegio\/wp-json\/wp\/v2\/pages\/11321\/revisions\/11329"}],"wp:attachment":[{"href":"https:\/\/alcala.salesianos.edu\/colegio\/wp-json\/wp\/v2\/media?parent=11321"}],"curies":[{"name":"wp","href":"https:\/\/api.w.org\/{rel}","templated":true}]}}