{"id":10855,"date":"2019-02-04T10:09:54","date_gmt":"2019-02-04T09:09:54","guid":{"rendered":"https:\/\/alcala.salesianos.edu\/colegio\/?page_id=10855"},"modified":"2025-08-27T09:05:03","modified_gmt":"2025-08-27T08:05:03","slug":"puertas-abiertas","status":"publish","type":"page","link":"https:\/\/alcala.salesianos.edu\/colegio\/puertas-abiertas\/","title":{"rendered":"Puertas Abiertas"},"content":{"rendered":"<div id=\"fb-root\"><\/div>\n<p>[et_pb_section bb_built=\u00bb1&#8243; _builder_version=\u00bb3.0.100&#8243; custom_padding=\u00bb0px|0px|0px|0px\u00bb box_shadow_style=\u00bbpreset1&#8243; box_shadow_blur=\u00bb23px\u00bb box_shadow_spread=\u00bb7px\u00bb next_background_color=\u00bbrgba(229,229,229,0.86)\u00bb][et_pb_row use_custom_width=\u00bbon\u00bb width_unit=\u00bboff\u00bb custom_width_percent=\u00bb100%\u00bb custom_padding=\u00bb0px|0px|0px|0px\u00bb _builder_version=\u00bb3.0.105&#8243; module_alignment=\u00bbcenter\u00bb locked=\u00bboff\u00bb][et_pb_column type=\u00bb4_4&#8243;][et_pb_slider show_arrows=\u00bboff\u00bb show_pagination=\u00bboff\u00bb _builder_version=\u00bb3.0.105&#8243; header_font=\u00bb||||||||\u00bb custom_margin=\u00bb|||\u00bb custom_padding=\u00bb125px||125px|\u00bb custom_padding_tablet=\u00bb75px||75px|\u00bb custom_padding_phone=\u00bb70px||70px|\u00bb custom_padding_last_edited=\u00bbon|phone\u00bb filter_saturate=\u00bb106%\u00bb filter_brightness=\u00bb109%\u00bb auto=\u00bbon\u00bb auto_ignore_hover=\u00bbon\u00bb][et_pb_slide _builder_version=\u00bb3.0.105&#8243; background_image=\u00bbhttps:\/\/alcala.salesianos.edu\/colegio\/wp-content\/uploads\/sites\/2\/2017\/12\/111111.jpg\u00bb][\/et_pb_slide][\/et_pb_slider][\/et_pb_column][\/et_pb_row][\/et_pb_section][et_pb_section bb_built=\u00bb1&#8243; background_color=\u00bbrgba(229,229,229,0.86)\u00bb disabled_on=\u00bboff|off|off\u00bb _builder_version=\u00bb3.0.105&#8243; background_image=\u00bbhttps:\/\/alicante.salesianos.edu\/colegio\/wp-content\/uploads\/sites\/2\/2018\/02\/textura_admisiones-min.jpg\u00bb background_blend=\u00bbsoft-light\u00bb custom_padding=\u00bb46px|0px|40px|0px\u00bb prev_background_color=\u00bb#ffffff\u00bb next_background_color=\u00bb#ffffff\u00bb][et_pb_row _builder_version=\u00bb3.0.105&#8243;][et_pb_column type=\u00bb1_3&#8243;][et_pb_divider _builder_version=\u00bb3.0.105&#8243;]<\/p>\n<p>&nbsp;<\/p>\n<p>[\/et_pb_divider][et_pb_divider _builder_version=\u00bb3.0.105&#8243;]<\/p>\n<p>&nbsp;<\/p>\n<p>[\/et_pb_divider][et_pb_image src=\u00bbhttps:\/\/alcala.salesianos.edu\/colegio\/wp-content\/uploads\/sites\/2\/2019\/02\/2.jpeg\u00bb _builder_version=\u00bb3.0.105&#8243;]<\/p>\n<p>&nbsp;<\/p>\n<p>[\/et_pb_image][\/et_pb_column][et_pb_column type=\u00bb1_3&#8243;][et_pb_image _builder_version=\u00bb3.0.105&#8243;]<\/p>\n<p>&nbsp;<\/p>\n<p>[\/et_pb_image][et_pb_text _builder_version=\u00bb3.0.105&#8243;]<\/p>\n<p><span style=\"font-size: xx-large;\"><strong><span style=\"color: #dc001b;\">Bienvenidos a Salesianos Alcal\u00e1<\/span><\/strong><\/span><\/p>\n<p>[\/et_pb_text][et_pb_text _builder_version=\u00bb3.0.105&#8243;]<\/p>\n<p style=\"text-align: justify;\"><span style=\"font-size: medium;\">Las puertas de nuestro centro educativo estar\u00e1n abiertas el pr\u00f3ximo martes 26 de febrero a las\u00a0 18\u00b400 h para que conozcas nuestro proyecto educativo y nuestras instalaciones.<\/span><\/p>\n<p>[\/et_pb_text][\/et_pb_column][et_pb_column type=\u00bb1_3&#8243;][et_pb_divider _builder_version=\u00bb3.0.105&#8243;]<\/p>\n<p>&nbsp;<\/p>\n<p>[\/et_pb_divider][et_pb_divider _builder_version=\u00bb3.0.105&#8243;]<\/p>\n<p>&nbsp;<\/p>\n<p>[\/et_pb_divider][et_pb_image src=\u00bbhttps:\/\/alcala.salesianos.edu\/colegio\/wp-content\/uploads\/sites\/2\/2019\/02\/6.jpeg\u00bb _builder_version=\u00bb3.0.105&#8243;]<\/p>\n<p>&nbsp;<\/p>\n<p>[\/et_pb_image][\/et_pb_column][\/et_pb_row][\/et_pb_section][et_pb_section bb_built=\u00bb1&#8243; fullwidth=\u00bbon\u00bb _builder_version=\u00bb3.0.47&#8243; prev_background_color=\u00bbrgba(229,229,229,0.86)\u00bb next_background_color=\u00bb#474747&#8243;][et_pb_fullwidth_header _builder_version=\u00bb3.0.105&#8243; background_image=\u00bbhttps:\/\/alcala.salesianos.edu\/colegio\/wp-content\/uploads\/sites\/2\/2019\/02\/4.jpeg\u00bb parallax=\u00bbon\u00bb]<\/p>\n<p>&nbsp;<\/p>\n<p>&nbsp;<\/p>\n<p>&nbsp;<\/p>\n<p>&nbsp;<\/p>\n<p>&nbsp;<\/p>\n<p>&nbsp;<\/p>\n<p>&nbsp;<\/p>\n<p>[\/et_pb_fullwidth_header][\/et_pb_section][et_pb_section bb_built=\u00bb1&#8243; background_color=\u00bb#474747&#8243; _builder_version=\u00bb3.0.100&#8243; custom_padding=\u00bb0px|0px|35px|0px\u00bb prev_background_color=\u00bb#ffffff\u00bb next_background_color=\u00bb#e02b20&#8243;][et_pb_row _builder_version=\u00bb3.0.105&#8243;][et_pb_column type=\u00bb4_4&#8243;][et_pb_blurb use_icon=\u00bbon\u00bb font_icon=\u00bb%%22%%\u00bb icon_color=\u00bb#e02b20&#8243; background_layout=\u00bbdark\u00bb content_max_width=\u00bb862px\u00bb _builder_version=\u00bb3.0.105&#8243; header_level=\u00bbh3&#8243; header_font=\u00bb|300|||||||\u00bb header_font_size=\u00bb26px\u00bb body_font=\u00bb||||||||\u00bb body_font_size=\u00bb15px\u00bb body_line_height=\u00bb1.3em\u00bb text_orientation=\u00bbcenter\u00bb max_width=\u00bb80%\u00bb module_alignment=\u00bbcenter\u00bb custom_padding=\u00bb||10px|\u00bb]<\/p>\n<h1><span style=\"font-size: xx-large; font-family: inherit; font-weight: normal;\"><strong>\u00a1Preparamos personas para un gran futuro!<\/strong><\/span><\/h1>\n<p>[\/et_pb_blurb][\/et_pb_column][\/et_pb_row][et_pb_row _builder_version=\u00bb3.0.105&#8243;][et_pb_column type=\u00bb4_4&#8243;][et_pb_text _builder_version=\u00bb3.0.105&#8243;]<\/p>\n<p style=\"text-align: center;\"><span style=\"color: #ffffff; font-size: xx-large;\">TRABAJO &#8211; ESFUERZO &#8211; PASTORAL &#8211; INTERNACIONALIZACI\u00d3N <\/span><\/p>\n<p style=\"text-align: center;\"><span style=\"color: #ffffff; font-size: xx-large;\">CRECIMIENTO &#8211; SOLIDARIDAD &#8211; INNOVACI\u00d3N &#8211;\u00a0 ORIENTACI\u00d3N<\/span><\/p>\n<p>[\/et_pb_text][\/et_pb_column][\/et_pb_row][\/et_pb_section][et_pb_section bb_built=\u00bb1&#8243; background_color=\u00bb#e02b20&#8243; _builder_version=\u00bb3.0.100&#8243; background_image=\u00bbhttps:\/\/alicante.salesianos.edu\/colegio\/wp-content\/uploads\/sites\/2\/2017\/09\/fondo_novedades_web.png\u00bb custom_padding=\u00bb40px|0px|39px|0px\u00bb prev_background_color=\u00bb#474747&#8243; next_background_color=\u00bb#efefef\u00bb][et_pb_row custom_padding=\u00bb25px|||\u00bb custom_margin=\u00bb25px|||\u00bb _builder_version=\u00bb3.0.105&#8243;][et_pb_column type=\u00bb4_4&#8243;][et_pb_text _builder_version=\u00bb3.0.105&#8243; text_font=\u00bb||||||||\u00bb text_font_size=\u00bb37px\u00bb text_text_color=\u00bb#ffffff\u00bb]<\/p>\n<h2 class=\"et_pb_contact_main_title et-fb-editable-element et-fb-editable-element__editing\" style=\"text-align: center;\" contenteditable=\"true\" data-shortcode-id=\"4.0.0.0-1549441442615\"><span style=\"font-size: xx-large; color: #ffffff;\">\u00bfAlguna otra pregunta? Te la resolvemos.<\/span><\/h2>\n<p>[\/et_pb_text][\/et_pb_column][\/et_pb_row][et_pb_row admin_label=\u00bbrow\u00bb custom_padding=\u00bb25px|||\u00bb custom_margin=\u00bb25px|||\u00bb column_padding_mobile=\u00bbon\u00bb _builder_version=\u00bb3.0.71&#8243; background_size=\u00bbinitial\u00bb background_position=\u00bbtop_left\u00bb background_repeat=\u00bbrepeat\u00bb][et_pb_column type=\u00bb1_4&#8243;][et_pb_blurb title=\u00bbHorario de apertura\u00bb use_icon=\u00bbon\u00bb font_icon=\u00bb%%229%%\u00bb icon_color=\u00bb#ffffff\u00bb icon_placement=\u00bbleft\u00bb background_layout=\u00bbdark\u00bb use_icon_font_size=\u00bbon\u00bb icon_font_size=\u00bb81px\u00bb _builder_version=\u00bb3.0.105&#8243; header_font=\u00bb||||||||\u00bb header_text_align=\u00bbcenter\u00bb header_font_size=\u00bb25px\u00bb header_text_color=\u00bb#ffffff\u00bb body_line_height=\u00bb1em\u00bb custom_margin=\u00bb||5px|\u00bb animation=\u00bboff\u00bb]<\/p>\n<p><span style=\"font-size: large;\">De 8:00 a 20:00 h.<\/span><\/p>\n<p>[\/et_pb_blurb][\/et_pb_column][et_pb_column type=\u00bb1_4&#8243;][et_pb_blurb title=\u00bbC\/ Mairena 36-38&#8243; use_icon=\u00bbon\u00bb font_icon=\u00bb%%249%%\u00bb icon_color=\u00bb#ffffff\u00bb icon_placement=\u00bbleft\u00bb background_layout=\u00bbdark\u00bb use_icon_font_size=\u00bbon\u00bb icon_font_size=\u00bb81px\u00bb _builder_version=\u00bb3.0.105&#8243; header_font=\u00bb||||||||\u00bb header_text_align=\u00bbcenter\u00bb header_font_size=\u00bb25px\u00bb header_text_color=\u00bb#ffffff\u00bb body_line_height=\u00bb1em\u00bb custom_margin=\u00bb||5px|\u00bb animation=\u00bboff\u00bb]<\/p>\n<p>&nbsp;<\/p>\n<p>[\/et_pb_blurb][\/et_pb_column][et_pb_column type=\u00bb1_4&#8243;][et_pb_blurb title=\u00bb95 568 73 60&#8243; use_icon=\u00bbon\u00bb font_icon=\u00bb%%264%%\u00bb icon_color=\u00bb#ffffff\u00bb icon_placement=\u00bbleft\u00bb use_icon_font_size=\u00bbon\u00bb icon_font_size=\u00bb81px\u00bb _builder_version=\u00bb3.0.105&#8243; header_font=\u00bb||||||||\u00bb header_text_align=\u00bbcenter\u00bb header_font_size=\u00bb25px\u00bb header_text_color=\u00bb#ffffff\u00bb body_line_height=\u00bb1em\u00bb custom_margin=\u00bb||5px|\u00bb animation=\u00bboff\u00bb border_style=\u00bbsolid\u00bb]<\/p>\n<p><span style=\"color: #ffffff; font-size: large;\"><em>Fax:\u00a095 568 46 96<\/em><\/span><\/p>\n<p>[\/et_pb_blurb][\/et_pb_column][et_pb_column type=\u00bb1_4&#8243;][et_pb_blurb title=\u00bbCorreo\u00bb use_icon=\u00bbon\u00bb font_icon=\u00bb%%238%%\u00bb icon_color=\u00bb#ffffff\u00bb icon_placement=\u00bbleft\u00bb use_icon_font_size=\u00bbon\u00bb icon_font_size=\u00bb81px\u00bb _builder_version=\u00bb3.0.105&#8243; header_font=\u00bb||||||||\u00bb header_text_align=\u00bbcenter\u00bb header_font_size=\u00bb25px\u00bb header_text_color=\u00bb#ffffff\u00bb body_line_height=\u00bb1em\u00bb custom_margin=\u00bb||5px|\u00bb animation=\u00bboff\u00bb border_style=\u00bbsolid\u00bb]<\/p>\n<p><span style=\"color: #ffffff; font-size: large;\">secretaria.alcala@salesianos.edu<\/span><\/p>\n<p>[\/et_pb_blurb][\/et_pb_column][\/et_pb_row][\/et_pb_section][et_pb_section bb_built=\u00bb1&#8243; background_color=\u00bb#efefef\u00bb _builder_version=\u00bb3.0.100&#8243; custom_padding=\u00bb40px|0px|51.1875px|0px\u00bb prev_background_color=\u00bb#e02b20&#8243;][et_pb_row _builder_version=\u00bb3.0.100&#8243;][et_pb_column type=\u00bb4_4&#8243;][et_pb_text _builder_version=\u00bb3.0.105&#8243; text_font=\u00bb|300|||||||\u00bb text_font_size=\u00bb36px\u00bb header_font=\u00bb||||||||\u00bb header_2_font=\u00bbLato|300|||||||\u00bb header_2_font_size=\u00bb49px\u00bb header_3_font=\u00bb||||||||\u00bb text_orientation=\u00bbcenter\u00bb]<\/p>\n<h2>\u00a1Gracias por interesarte en nuestro centro!<\/h2>\n<p>[\/et_pb_text][\/et_pb_column][\/et_pb_row][\/et_pb_section]<\/p>\n","protected":false},"excerpt":{"rendered":"<p>&nbsp; &nbsp; &nbsp; &nbsp; Bienvenidos a Salesianos Alcal\u00e1 Las puertas de nuestro centro educativo estar\u00e1n abiertas el pr\u00f3ximo martes 26 de febrero a las\u00a0 18\u00b400 h para que conozcas nuestro proyecto educativo y nuestras instalaciones. &nbsp; &nbsp; &nbsp; &nbsp; &nbsp; &nbsp; &nbsp; &nbsp; &nbsp; &nbsp; \u00a1Preparamos personas para un gran futuro! TRABAJO &#8211; ESFUERZO &#8211; [&hellip;]<\/p>\n","protected":false},"author":2,"featured_media":0,"parent":0,"menu_order":0,"comment_status":"closed","ping_status":"closed","template":"","meta":{"_et_pb_use_builder":"on","_et_pb_old_content":"","_et_gb_content_width":"","footnotes":""},"class_list":["post-10855","page","type-page","status-publish","hentry"],"yoast_head":"<!-- This site is optimized with the Yoast SEO plugin v27.3 - https:\/\/yoast.com\/product\/yoast-seo-wordpress\/ -->\n<title>Puertas Abiertas - Colegio Salesiano Alcal\u00e1<\/title>\n<meta name=\"robots\" content=\"index, follow, max-snippet:-1, max-image-preview:large, max-video-preview:-1\" \/>\n<link rel=\"canonical\" href=\"https:\/\/alcala.salesianos.edu\/colegio\/puertas-abiertas\/\" \/>\n<meta property=\"og:locale\" content=\"es_ES\" \/>\n<meta property=\"og:type\" content=\"article\" \/>\n<meta property=\"og:title\" content=\"Puertas Abiertas - Colegio Salesiano Alcal\u00e1\" \/>\n<meta property=\"og:description\" content=\"&nbsp; &nbsp; &nbsp; &nbsp; Bienvenidos a Salesianos Alcal\u00e1 Las puertas de nuestro centro educativo estar\u00e1n abiertas el pr\u00f3ximo martes 26 de febrero a las\u00a0 18\u00b400 h para que conozcas nuestro proyecto educativo y nuestras instalaciones. &nbsp; &nbsp; &nbsp; &nbsp; &nbsp; &nbsp; &nbsp; &nbsp; &nbsp; &nbsp; \u00a1Preparamos personas para un gran futuro! TRABAJO - ESFUERZO - [&hellip;]\" \/>\n<meta property=\"og:url\" content=\"https:\/\/alcala.salesianos.edu\/colegio\/puertas-abiertas\/\" \/>\n<meta property=\"og:site_name\" content=\"Colegio Salesiano Alcal\u00e1\" \/>\n<meta property=\"article:modified_time\" content=\"2025-08-27T08:05:03+00:00\" \/>\n<meta name=\"twitter:card\" content=\"summary_large_image\" \/>\n<meta name=\"twitter:label1\" content=\"Tiempo de lectura\" \/>\n\t<meta name=\"twitter:data1\" content=\"5 minutos\" \/>\n<script type=\"application\/ld+json\" class=\"yoast-schema-graph\">{\"@context\":\"https:\\\/\\\/schema.org\",\"@graph\":[{\"@type\":\"WebPage\",\"@id\":\"https:\\\/\\\/alcala.salesianos.edu\\\/colegio\\\/puertas-abiertas\\\/\",\"url\":\"https:\\\/\\\/alcala.salesianos.edu\\\/colegio\\\/puertas-abiertas\\\/\",\"name\":\"Puertas Abiertas - Colegio Salesiano Alcal\u00e1\",\"isPartOf\":{\"@id\":\"https:\\\/\\\/alcala.salesianos.edu\\\/colegio\\\/#website\"},\"datePublished\":\"2019-02-04T09:09:54+00:00\",\"dateModified\":\"2025-08-27T08:05:03+00:00\",\"breadcrumb\":{\"@id\":\"https:\\\/\\\/alcala.salesianos.edu\\\/colegio\\\/puertas-abiertas\\\/#breadcrumb\"},\"inLanguage\":\"es\",\"potentialAction\":[{\"@type\":\"ReadAction\",\"target\":[\"https:\\\/\\\/alcala.salesianos.edu\\\/colegio\\\/puertas-abiertas\\\/\"]}]},{\"@type\":\"BreadcrumbList\",\"@id\":\"https:\\\/\\\/alcala.salesianos.edu\\\/colegio\\\/puertas-abiertas\\\/#breadcrumb\",\"itemListElement\":[{\"@type\":\"ListItem\",\"position\":1,\"name\":\"Portada\",\"item\":\"https:\\\/\\\/alcala.salesianos.edu\\\/colegio\\\/\"},{\"@type\":\"ListItem\",\"position\":2,\"name\":\"Puertas Abiertas\"}]},{\"@type\":\"WebSite\",\"@id\":\"https:\\\/\\\/alcala.salesianos.edu\\\/colegio\\\/#website\",\"url\":\"https:\\\/\\\/alcala.salesianos.edu\\\/colegio\\\/\",\"name\":\"Colegio Salesiano Alcal\u00e1\",\"description\":\"P\u00e1gina oficial de Salesianos Alcal\u00e1 de Guadaira\",\"potentialAction\":[{\"@type\":\"SearchAction\",\"target\":{\"@type\":\"EntryPoint\",\"urlTemplate\":\"https:\\\/\\\/alcala.salesianos.edu\\\/colegio\\\/?s={search_term_string}\"},\"query-input\":{\"@type\":\"PropertyValueSpecification\",\"valueRequired\":true,\"valueName\":\"search_term_string\"}}],\"inLanguage\":\"es\"}]}<\/script>\n<!-- \/ Yoast SEO plugin. -->","yoast_head_json":{"title":"Puertas Abiertas - Colegio Salesiano Alcal\u00e1","robots":{"index":"index","follow":"follow","max-snippet":"max-snippet:-1","max-image-preview":"max-image-preview:large","max-video-preview":"max-video-preview:-1"},"canonical":"https:\/\/alcala.salesianos.edu\/colegio\/puertas-abiertas\/","og_locale":"es_ES","og_type":"article","og_title":"Puertas Abiertas - Colegio Salesiano Alcal\u00e1","og_description":"&nbsp; &nbsp; &nbsp; &nbsp; Bienvenidos a Salesianos Alcal\u00e1 Las puertas de nuestro centro educativo estar\u00e1n abiertas el pr\u00f3ximo martes 26 de febrero a las\u00a0 18\u00b400 h para que conozcas nuestro proyecto educativo y nuestras instalaciones. &nbsp; &nbsp; &nbsp; &nbsp; &nbsp; &nbsp; &nbsp; &nbsp; &nbsp; &nbsp; \u00a1Preparamos personas para un gran futuro! TRABAJO - ESFUERZO - [&hellip;]","og_url":"https:\/\/alcala.salesianos.edu\/colegio\/puertas-abiertas\/","og_site_name":"Colegio Salesiano Alcal\u00e1","article_modified_time":"2025-08-27T08:05:03+00:00","twitter_card":"summary_large_image","twitter_misc":{"Tiempo de lectura":"5 minutos"},"schema":{"@context":"https:\/\/schema.org","@graph":[{"@type":"WebPage","@id":"https:\/\/alcala.salesianos.edu\/colegio\/puertas-abiertas\/","url":"https:\/\/alcala.salesianos.edu\/colegio\/puertas-abiertas\/","name":"Puertas Abiertas - Colegio Salesiano Alcal\u00e1","isPartOf":{"@id":"https:\/\/alcala.salesianos.edu\/colegio\/#website"},"datePublished":"2019-02-04T09:09:54+00:00","dateModified":"2025-08-27T08:05:03+00:00","breadcrumb":{"@id":"https:\/\/alcala.salesianos.edu\/colegio\/puertas-abiertas\/#breadcrumb"},"inLanguage":"es","potentialAction":[{"@type":"ReadAction","target":["https:\/\/alcala.salesianos.edu\/colegio\/puertas-abiertas\/"]}]},{"@type":"BreadcrumbList","@id":"https:\/\/alcala.salesianos.edu\/colegio\/puertas-abiertas\/#breadcrumb","itemListElement":[{"@type":"ListItem","position":1,"name":"Portada","item":"https:\/\/alcala.salesianos.edu\/colegio\/"},{"@type":"ListItem","position":2,"name":"Puertas Abiertas"}]},{"@type":"WebSite","@id":"https:\/\/alcala.salesianos.edu\/colegio\/#website","url":"https:\/\/alcala.salesianos.edu\/colegio\/","name":"Colegio Salesiano Alcal\u00e1","description":"P\u00e1gina oficial de Salesianos Alcal\u00e1 de Guadaira","potentialAction":[{"@type":"SearchAction","target":{"@type":"EntryPoint","urlTemplate":"https:\/\/alcala.salesianos.edu\/colegio\/?s={search_term_string}"},"query-input":{"@type":"PropertyValueSpecification","valueRequired":true,"valueName":"search_term_string"}}],"inLanguage":"es"}]}},"_links":{"self":[{"href":"https:\/\/alcala.salesianos.edu\/colegio\/wp-json\/wp\/v2\/pages\/10855","targetHints":{"allow":["GET"]}}],"collection":[{"href":"https:\/\/alcala.salesianos.edu\/colegio\/wp-json\/wp\/v2\/pages"}],"about":[{"href":"https:\/\/alcala.salesianos.edu\/colegio\/wp-json\/wp\/v2\/types\/page"}],"author":[{"embeddable":true,"href":"https:\/\/alcala.salesianos.edu\/colegio\/wp-json\/wp\/v2\/users\/2"}],"replies":[{"embeddable":true,"href":"https:\/\/alcala.salesianos.edu\/colegio\/wp-json\/wp\/v2\/comments?post=10855"}],"version-history":[{"count":22,"href":"https:\/\/alcala.salesianos.edu\/colegio\/wp-json\/wp\/v2\/pages\/10855\/revisions"}],"predecessor-version":[{"id":10911,"href":"https:\/\/alcala.salesianos.edu\/colegio\/wp-json\/wp\/v2\/pages\/10855\/revisions\/10911"}],"wp:attachment":[{"href":"https:\/\/alcala.salesianos.edu\/colegio\/wp-json\/wp\/v2\/media?parent=10855"}],"curies":[{"name":"wp","href":"https:\/\/api.w.org\/{rel}","templated":true}]}}